{"id":22437,"date":"2023-06-20T09:45:56","date_gmt":"2023-06-20T07:45:56","guid":{"rendered":"https:\/\/bigler-lacke.swiss\/?post_type=product&#038;p=22437"},"modified":"2025-01-07T17:13:01","modified_gmt":"2025-01-07T16:13:01","slug":"bigler-floorpolish","status":"publish","type":"product","link":"https:\/\/bigler-lacke.swiss\/fr\/produit\/bigler-floorpolish\/","title":{"rendered":"BIGLER FloorPolish"},"content":{"rendered":"<p>Le FloorPolish BIGLER, polish et pr\u00e9serve l\u2019aspect d\u2019origine du parquet en d\u00e9posant un film protecteur : il redonne<br \/>\nun aspect uniforme aux parquets vitrifi\u00e9s ternis et us\u00e9s, et allonge la dur\u00e9e de vie du vitrificateur, notamment pour les<br \/>\nlocaux \u00e0 usage intense.<br \/>\nNon glissant, sans silicone : glissance test\u00e9e selon NF EN 13036-4, non jaunissant, sans odeur, il est compatible avec<br \/>\ntous les vitrificateurs parquets Bigler. Convient \u00e9galement aux sols stratifi\u00e9s et m\u00e9lamin\u00e9s*, sols vinyles*.<\/p>\n","protected":false},"excerpt":{"rendered":"<ul>\n<li>Prot\u00e8ge et r\u00e9nove les parquets vitrifi\u00e9s<\/li>\n<li>Convient \u00e9galement aux sols stratifi\u00e9s et plastiques<\/li>\n<li>\u00c9limine les micro rayures<\/li>\n<li>Non glissant<\/li>\n<li>Pr\u00eat \u00e0 l\u2019emploi<\/li>\n<li>50 m\u00b2\/L<\/li>\n<li>Finition : mat et satin<\/li>\n<\/ul>\n","protected":false},"featured_media":22730,"template":"","meta":{"_acf_changed":false,"_links_to":"","_links_to_target":""},"product_brand":[],"product_cat":[478],"product_tag":[905,459],"class_list":{"0":"post-22437","1":"product","2":"type-product","3":"status-publish","4":"has-post-thumbnail","6":"product_cat-nettoyage","7":"product_tag-tout-en-un-coup-d-oeil","8":"product_tag-bigler-fr","9":"pa_gebinde-1-lt-fr","11":"first","12":"instock","13":"shipping-taxable","14":"product-type-variable","15":"has-default-attributes"},"acf":[],"_links":{"self":[{"href":"https:\/\/bigler-lacke.swiss\/fr\/wp-json\/wp\/v2\/product\/22437","targetHints":{"allow":["GET"]}}],"collection":[{"href":"https:\/\/bigler-lacke.swiss\/fr\/wp-json\/wp\/v2\/product"}],"about":[{"href":"https:\/\/bigler-lacke.swiss\/fr\/wp-json\/wp\/v2\/types\/product"}],"wp:featuredmedia":[{"embeddable":true,"href":"https:\/\/bigler-lacke.swiss\/fr\/wp-json\/wp\/v2\/media\/22730"}],"wp:attachment":[{"href":"https:\/\/bigler-lacke.swiss\/fr\/wp-json\/wp\/v2\/media?parent=22437"}],"wp:term":[{"taxonomy":"product_brand","embeddable":true,"href":"https:\/\/bigler-lacke.swiss\/fr\/wp-json\/wp\/v2\/product_brand?post=22437"},{"taxonomy":"product_cat","embeddable":true,"href":"https:\/\/bigler-lacke.swiss\/fr\/wp-json\/wp\/v2\/product_cat?post=22437"},{"taxonomy":"product_tag","embeddable":true,"href":"https:\/\/bigler-lacke.swiss\/fr\/wp-json\/wp\/v2\/product_tag?post=22437"}],"curies":[{"name":"wp","href":"https:\/\/api.w.org\/{rel}","templated":true}]}}