{"id":23006,"date":"2025-01-07T17:23:52","date_gmt":"2025-01-07T16:23:52","guid":{"rendered":"https:\/\/bigler-lacke.swiss\/?post_type=product&#038;p=23006"},"modified":"2025-12-04T21:32:51","modified_gmt":"2025-12-04T20:32:51","slug":"bigler-floorsealer-ga-81-special-copy","status":"publish","type":"product","link":"https:\/\/bigler-lacke.swiss\/fr\/produit\/bigler-floorsealer-ga-81-special-copy\/","title":{"rendered":"BIGLER FloorSealer GA 81 Aqua"},"content":{"rendered":"<p><strong>FloorSealer GA81 Aqua<\/strong><\/p>\n<p>Le GA 81 AQUA est un vernis aqueux pour parquet \u00e0 2 composants \u00e0 base de polym\u00e8re de polyur\u00e9thane pour les parquets d\u2019int\u00e9rieur et les planchers en bois dans les pi\u00e8ces d\u2019habitation fortement sollicit\u00e9es. Gr\u00e2ce \u00e0 la formule \u00e0 2 composants, nous atteignons le plus haut niveau de qualit\u00e9 dans le domaine de l\u2019\u00e9tanch\u00e9it\u00e9 des planchers en bois.<\/p>\n<p>La r\u00e9sistance \u00e0 l\u2019abrasion et aux produits chimiques ne peut \u00eatre surpass\u00e9e dans le domaine de la technologie des vernis aqueux. Le GA 81 AQUA est un vernis \u00e0 2 composants qui n\u00e9cessite l\u2019ajout du durcisseur Bigler (9,5L de vernis pour 0,5L de durcisseur) En raison de son fort collage lat\u00e9ral, ce vernis doit toujours \u00eatre pr\u00e9c\u00e9d\u00e9 d\u2019une couche d\u2019Exolen Spezial Neu !<\/p>\n<p>FloorSealer GA81 Aqua est disponible aux degr\u00e9s de brillance \u00abbrillant\u00bb, \u00absatin\u00e9\u00bb et \u00abmat\u00bb.<\/p>\n","protected":false},"excerpt":{"rendered":"<ul>\n<li>Vernis pour parquet \u00e0 2 composants<\/li>\n<li>degr\u00e9 de brillance \u00ab brillant \u00bb, \u00ab semi-mat \u00bb et \u00ab mat \u00bb disponible<\/li>\n<li>pour les pi\u00e8ces d\u2019habitation (BI 4\/5) hautement sollicit\u00e9es<\/li>\n<li>s\u00e9chage rapide<\/li>\n<li>tr\u00e8s bonne r\u00e9sistance chimique et m\u00e9canique<\/li>\n<li>forte impr\u00e9gnation<\/li>\n<li>excellentes propri\u00e9t\u00e9s d\u2019ouvrabilit\u00e9<\/li>\n<li>application facile<\/li>\n<\/ul>\n","protected":false},"featured_media":23395,"template":"","meta":{"_acf_changed":false,"_links_to":"","_links_to_target":""},"product_brand":[],"product_cat":[476],"product_tag":[905,457,459],"class_list":{"0":"post-23006","1":"product","2":"type-product","3":"status-publish","4":"has-post-thumbnail","6":"product_cat-laque-pour-parquet","7":"product_tag-tout-en-un-coup-d-oeil","8":"product_tag-bi-4-5-fr","9":"product_tag-bigler-fr","10":"pa_gebinde-10-lt-fr","11":"pa_glanzstufe-70-30-fr","12":"pa_glanzstufe-briller","13":"pa_glanzstufe-matt-fr","14":"pa_glanzstufe-semi-mat","16":"first","17":"instock","18":"product-type-variable","19":"has-default-attributes"},"acf":[],"_links":{"self":[{"href":"https:\/\/bigler-lacke.swiss\/fr\/wp-json\/wp\/v2\/product\/23006","targetHints":{"allow":["GET"]}}],"collection":[{"href":"https:\/\/bigler-lacke.swiss\/fr\/wp-json\/wp\/v2\/product"}],"about":[{"href":"https:\/\/bigler-lacke.swiss\/fr\/wp-json\/wp\/v2\/types\/product"}],"wp:featuredmedia":[{"embeddable":true,"href":"https:\/\/bigler-lacke.swiss\/fr\/wp-json\/wp\/v2\/media\/23395"}],"wp:attachment":[{"href":"https:\/\/bigler-lacke.swiss\/fr\/wp-json\/wp\/v2\/media?parent=23006"}],"wp:term":[{"taxonomy":"product_brand","embeddable":true,"href":"https:\/\/bigler-lacke.swiss\/fr\/wp-json\/wp\/v2\/product_brand?post=23006"},{"taxonomy":"product_cat","embeddable":true,"href":"https:\/\/bigler-lacke.swiss\/fr\/wp-json\/wp\/v2\/product_cat?post=23006"},{"taxonomy":"product_tag","embeddable":true,"href":"https:\/\/bigler-lacke.swiss\/fr\/wp-json\/wp\/v2\/product_tag?post=23006"}],"curies":[{"name":"wp","href":"https:\/\/api.w.org\/{rel}","templated":true}]}}