{"id":23436,"date":"2025-12-03T17:05:39","date_gmt":"2025-12-03T16:05:39","guid":{"rendered":"https:\/\/bigler-lacke.swiss\/?post_type=product&#038;p=23436"},"modified":"2025-12-04T14:17:54","modified_gmt":"2025-12-04T13:17:54","slug":"bigler-topsealer","status":"publish","type":"product","link":"https:\/\/bigler-lacke.swiss\/fr\/produit\/bigler-topsealer\/","title":{"rendered":"BIGLER TopSealer"},"content":{"rendered":"<p><strong>TopSealer<\/strong><\/p>\n<p>TOPSEALER est un vitrificateur parquet \u00e0 base de r\u00e9sine polyur\u00e9thane. Dot\u00e9 de performances exceptionnelles, TOPSEALER est particuli\u00e8rement adapt\u00e9 pour la vitrification<br \/>\ndes lieux soumis \u00e0 un trafic intense et \u00e0 de fortes sollicitations. Le produit est disponible dans les degr\u00e9s de brillance \u00absemi-mat\u00bb et \u00abmat\u00bb.<\/p>\n<p>TopSealer est pr\u00eat \u00e0 l\u2019emploi !<\/p>\n","protected":false},"excerpt":{"rendered":"<ul>\n<li>Vernis pour parquet aqueux \u00e0 1 composant pour trafic intense et haute sollicitation<\/li>\n<li>L\u00e9g\u00e8re r\u00e9chauffe du bois<\/li>\n<li>Pr\u00eat \u00e0 l\u2019emploi<\/li>\n<li>S\u00e9chage rapide en 4h<\/li>\n<li>10m2\/L par couche<\/li>\n<li>3 couches<\/li>\n<\/ul>\n","protected":false},"featured_media":23454,"template":"","meta":{"_acf_changed":false,"_links_to":"","_links_to_target":""},"product_brand":[],"product_cat":[476],"product_tag":[905,457,459],"class_list":{"0":"post-23436","1":"product","2":"type-product","3":"status-publish","4":"has-post-thumbnail","6":"product_cat-laque-pour-parquet","7":"product_tag-tout-en-un-coup-d-oeil","8":"product_tag-bi-4-5-fr","9":"product_tag-bigler-fr","11":"first","12":"instock","13":"product-type-variable"},"acf":[],"_links":{"self":[{"href":"https:\/\/bigler-lacke.swiss\/fr\/wp-json\/wp\/v2\/product\/23436","targetHints":{"allow":["GET"]}}],"collection":[{"href":"https:\/\/bigler-lacke.swiss\/fr\/wp-json\/wp\/v2\/product"}],"about":[{"href":"https:\/\/bigler-lacke.swiss\/fr\/wp-json\/wp\/v2\/types\/product"}],"wp:featuredmedia":[{"embeddable":true,"href":"https:\/\/bigler-lacke.swiss\/fr\/wp-json\/wp\/v2\/media\/23454"}],"wp:attachment":[{"href":"https:\/\/bigler-lacke.swiss\/fr\/wp-json\/wp\/v2\/media?parent=23436"}],"wp:term":[{"taxonomy":"product_brand","embeddable":true,"href":"https:\/\/bigler-lacke.swiss\/fr\/wp-json\/wp\/v2\/product_brand?post=23436"},{"taxonomy":"product_cat","embeddable":true,"href":"https:\/\/bigler-lacke.swiss\/fr\/wp-json\/wp\/v2\/product_cat?post=23436"},{"taxonomy":"product_tag","embeddable":true,"href":"https:\/\/bigler-lacke.swiss\/fr\/wp-json\/wp\/v2\/product_tag?post=23436"}],"curies":[{"name":"wp","href":"https:\/\/api.w.org\/{rel}","templated":true}]}}