{"id":23627,"date":"2026-03-26T15:33:20","date_gmt":"2026-03-26T14:33:20","guid":{"rendered":"https:\/\/bigler-lacke.swiss\/?post_type=product&#038;p=23627"},"modified":"2026-03-27T08:39:18","modified_gmt":"2026-03-27T07:39:18","slug":"bigler-prestige-floor","status":"publish","type":"product","link":"https:\/\/bigler-lacke.swiss\/fr\/produit\/bigler-prestige-floor\/","title":{"rendered":"BIGLER Prestige Floor"},"content":{"rendered":"<p><strong>Prestige Floor<\/strong><\/p>\n<p>Prestige Floor est un vitrificateur parquet biosourc\u00e9* \u00e0 deux composants et \u00e0 base de r\u00e9sine polyur\u00e9thane. Il contient 70% d\u2019ingr\u00e9dients naturels, min\u00e9raux et biosourc\u00e9s (non issus de l\u2019agriculture biologique) dont 21% de carbone biosourc\u00e9 mesur\u00e9 selon la norme NF EN 16640.<\/p>\n<p>Dot\u00e9 de performances exceptionnelles, Prestige Floor est particuli\u00e8rement adapt\u00e9 pour la vitrification des lieux publics soumis \u00e0 un trafic intense et \u00e0 de fortes sollicitations. Prestige Floor est disponible au degr\u00e9 de brillance \u00abmat\u00bb, \u00absatin\u00bb et \u00abExtreme mat\u00bb.<\/p>\n<h6>FORMULE BIOSOURCEE* NORME NF EN 16640<\/h6>\n","protected":false},"excerpt":{"rendered":"<ul>\n<li>Vitrificateur biosourc\u00e9* aqua polyur\u00e9thane 2 composants ultra hautes performances<\/li>\n<li>Toutes essences de bois<\/li>\n<li>M\u00e9lange durcisseur : 9:1<\/li>\n<li>4h00 : S\u00e9chage rapide<\/li>\n<li>10m2\/L par couche<\/li>\n<li>3 couches<\/li>\n<\/ul>\n<h6>FORMULE BIOSOURCEE* NORME NF EN 16640<\/h6>\n","protected":false},"featured_media":23641,"template":"","meta":{"_acf_changed":false,"_links_to":"","_links_to_target":""},"product_brand":[],"product_cat":[476],"product_tag":[905,457,459],"class_list":{"0":"post-23627","1":"product","2":"type-product","3":"status-publish","4":"has-post-thumbnail","6":"product_cat-laque-pour-parquet","7":"product_tag-tout-en-un-coup-d-oeil","8":"product_tag-bi-4-5-fr","9":"product_tag-bigler-fr","10":"pa_gebinde-10-lt-fr","12":"first","13":"instock","14":"product-type-variable"},"acf":[],"_links":{"self":[{"href":"https:\/\/bigler-lacke.swiss\/fr\/wp-json\/wp\/v2\/product\/23627","targetHints":{"allow":["GET"]}}],"collection":[{"href":"https:\/\/bigler-lacke.swiss\/fr\/wp-json\/wp\/v2\/product"}],"about":[{"href":"https:\/\/bigler-lacke.swiss\/fr\/wp-json\/wp\/v2\/types\/product"}],"wp:featuredmedia":[{"embeddable":true,"href":"https:\/\/bigler-lacke.swiss\/fr\/wp-json\/wp\/v2\/media\/23641"}],"wp:attachment":[{"href":"https:\/\/bigler-lacke.swiss\/fr\/wp-json\/wp\/v2\/media?parent=23627"}],"wp:term":[{"taxonomy":"product_brand","embeddable":true,"href":"https:\/\/bigler-lacke.swiss\/fr\/wp-json\/wp\/v2\/product_brand?post=23627"},{"taxonomy":"product_cat","embeddable":true,"href":"https:\/\/bigler-lacke.swiss\/fr\/wp-json\/wp\/v2\/product_cat?post=23627"},{"taxonomy":"product_tag","embeddable":true,"href":"https:\/\/bigler-lacke.swiss\/fr\/wp-json\/wp\/v2\/product_tag?post=23627"}],"curies":[{"name":"wp","href":"https:\/\/api.w.org\/{rel}","templated":true}]}}